{"id":6,"date":"2024-01-26T17:20:22","date_gmt":"2024-01-26T17:20:22","guid":{"rendered":"https:\/\/ossamondragon.com\/?page_id=6"},"modified":"2024-01-29T15:56:59","modified_gmt":"2024-01-29T15:56:59","slug":"ossa-mondragon","status":"publish","type":"page","link":"https:\/\/ossamondragon.com\/","title":{"rendered":"OSSA MONDRAGON"},"content":{"rendered":"\n\n\n\n<div style=\"height:50px\" aria-hidden=\"true\" class=\"wp-block-spacer\"><\/div>\n\n\n\n<div class=\"wp-block-columns is-layout-flex wp-container-core-columns-layout-1 wp-block-columns-is-layout-flex\">\n<div class=\"wp-block-column is-layout-flow wp-block-column-is-layout-flow\">\n<figure class=\"wp-block-image aligncenter size-full\"><img loading=\"lazy\" decoding=\"async\" width=\"600\" height=\"448\" src=\"https:\/\/ossamondragon.com\/wp-content\/uploads\/2024\/01\/masaje-relajante.jpg\" alt=\"\" class=\"wp-image-38\" srcset=\"https:\/\/ossamondragon.com\/wp-content\/uploads\/2024\/01\/masaje-relajante.jpg 600w, https:\/\/ossamondragon.com\/wp-content\/uploads\/2024\/01\/masaje-relajante-300x224.jpg 300w\" sizes=\"(max-width: 600px) 100vw, 600px\" \/><\/figure>\n<\/div>\n\n\n\n<div class=\"wp-block-column is-layout-flow wp-block-column-is-layout-flow\">\n<h2 class=\"wp-block-heading has-medium-font-size\">La Cl\u00ednica Ossa Mondrag\u00f3n tiene 4 grandes especialidades como son:<\/h2>\n\n\n\n<ul>\n<li class=\"has-medium-font-size\">Cirug\u00eda Facial<\/li>\n<\/ul>\n\n\n\n<ul>\n<li class=\"has-medium-font-size\">Cirug\u00eda Corporal<\/li>\n<\/ul>\n\n\n\n<ul>\n<li class=\"has-medium-font-size\">Medicina Est\u00e9tica<\/li>\n<\/ul>\n\n\n\n<ul>\n<li class=\"has-medium-font-size\">Centro de Est\u00e9tica<\/li>\n<\/ul>\n\n\n\n<p class=\"has-medium-font-size\">Con m\u00e1s de 1000 Operaciones Exitosas, cuenta con una reputaci\u00f3n intachable que garantiza su seguridad y profesionalismo<\/p>\n<\/div>\n<\/div>\n\n\n\n<div style=\"height:50px\" aria-hidden=\"true\" class=\"wp-block-spacer\"><\/div>\n\n\n\n<div class=\"wp-block-columns is-layout-flex wp-container-core-columns-layout-2 wp-block-columns-is-layout-flex\">\n<div class=\"wp-block-column is-layout-flow wp-block-column-is-layout-flow\">\n<p class=\"has-medium-font-size\">El m\u00e9dico cirujano Francisco Javier Ossa Mondragon, es miembro activo de la Sociedad Colombiana de Cirug\u00eda y Medicina y de la Sociedad Brasilera de Medicina y Cirug\u00eda Pl\u00e1stica Est\u00e9tica&nbsp; (SBMCPE).<\/p>\n\n\n\n<p class=\"has-medium-font-size\">Contamos con los Servicios de Cirug\u00eda Facial, Cirug\u00eda Corporal, Medicina Est\u00e9tica y Centro de Est\u00e9tica.<\/p>\n\n\n\n<p class=\"has-medium-font-size\">Para prestar un mejor servicio a sus clientes, cuenta con sedes en Cali, Pereira y Tulu\u00e1.<\/p>\n<\/div>\n\n\n\n<div class=\"wp-block-column is-layout-flow wp-block-column-is-layout-flow\">\n<figure class=\"wp-block-image aligncenter size-full\"><img loading=\"lazy\" decoding=\"async\" width=\"600\" height=\"448\" src=\"https:\/\/ossamondragon.com\/wp-content\/uploads\/2024\/01\/SENOS-1.jpg\" alt=\"\" class=\"wp-image-41\" srcset=\"https:\/\/ossamondragon.com\/wp-content\/uploads\/2024\/01\/SENOS-1.jpg 600w, https:\/\/ossamondragon.com\/wp-content\/uploads\/2024\/01\/SENOS-1-300x224.jpg 300w\" sizes=\"(max-width: 600px) 100vw, 600px\" \/><\/figure>\n<\/div>\n<\/div>\n\n\n\n<div style=\"height:50px\" aria-hidden=\"true\" class=\"wp-block-spacer\"><\/div>\n","protected":false},"excerpt":{"rendered":"<p>La Cl\u00ednica Ossa Mondrag\u00f3n tiene 4 grandes especialidades como son: Con m\u00e1s de 1000 Operaciones Exitosas, cuenta con una reputaci\u00f3n [&hellip;]<\/p>\n","protected":false},"author":1,"featured_media":0,"parent":0,"menu_order":0,"comment_status":"closed","ping_status":"closed","template":"","meta":{"site-sidebar-layout":"default","site-content-layout":"","ast-site-content-layout":"","site-content-style":"default","site-sidebar-style":"default","ast-global-header-display":"","ast-banner-title-visibility":"","ast-main-header-display":"","ast-hfb-above-header-display":"","ast-hfb-below-header-display":"","ast-hfb-mobile-header-display":"","site-post-title":"disabled","ast-breadcrumbs-content":"","ast-featured-img":"","footer-sml-layout":"","theme-transparent-header-meta":"","adv-header-id-meta":"","stick-header-meta":"","header-above-stick-meta":"","header-main-stick-meta":"","header-below-stick-meta":"","astra-migrate-meta-layouts":"default","ast-page-background-enabled":"default","ast-page-background-meta":{"desktop":{"background-color":"var(--ast-global-color-4)","background-image":"","background-repeat":"repeat","background-position":"center center","background-size":"auto","background-attachment":"scroll","background-type":"","background-media":"","overlay-type":"","overlay-color":"","overlay-gradient":""},"tablet":{"background-color":"","background-image":"","background-repeat":"repeat","background-position":"center center","background-size":"auto","background-attachment":"scroll","background-type":"","background-media":"","overlay-type":"","overlay-color":"","overlay-gradient":""},"mobile":{"background-color":"","background-image":"","background-repeat":"repeat","background-position":"center center","background-size":"auto","background-attachment":"scroll","background-type":"","background-media":"","overlay-type":"","overlay-color":"","overlay-gradient":""}},"ast-content-background-meta":{"desktop":{"background-color":"var(--ast-global-color-5)","background-image":"","background-repeat":"repeat","background-position":"center center","background-size":"auto","background-attachment":"scroll","background-type":"","background-media":"","overlay-type":"","overlay-color":"","overlay-gradient":""},"tablet":{"background-color":"var(--ast-global-color-5)","background-image":"","background-repeat":"repeat","background-position":"center center","background-size":"auto","background-attachment":"scroll","background-type":"","background-media":"","overlay-type":"","overlay-color":"","overlay-gradient":""},"mobile":{"background-color":"var(--ast-global-color-5)","background-image":"","background-repeat":"repeat","background-position":"center center","background-size":"auto","background-attachment":"scroll","background-type":"","background-media":"","overlay-type":"","overlay-color":"","overlay-gradient":""}},"footnotes":""},"aioseo_notices":[],"_links":{"self":[{"href":"https:\/\/ossamondragon.com\/index.php\/wp-json\/wp\/v2\/pages\/6"}],"collection":[{"href":"https:\/\/ossamondragon.com\/index.php\/wp-json\/wp\/v2\/pages"}],"about":[{"href":"https:\/\/ossamondragon.com\/index.php\/wp-json\/wp\/v2\/types\/page"}],"author":[{"embeddable":true,"href":"https:\/\/ossamondragon.com\/index.php\/wp-json\/wp\/v2\/users\/1"}],"replies":[{"embeddable":true,"href":"https:\/\/ossamondragon.com\/index.php\/wp-json\/wp\/v2\/comments?post=6"}],"version-history":[{"count":6,"href":"https:\/\/ossamondragon.com\/index.php\/wp-json\/wp\/v2\/pages\/6\/revisions"}],"predecessor-version":[{"id":44,"href":"https:\/\/ossamondragon.com\/index.php\/wp-json\/wp\/v2\/pages\/6\/revisions\/44"}],"wp:attachment":[{"href":"https:\/\/ossamondragon.com\/index.php\/wp-json\/wp\/v2\/media?parent=6"}],"curies":[{"name":"wp","href":"https:\/\/api.w.org\/{rel}","templated":true}]}}