{"id":45,"date":"2024-01-29T15:58:38","date_gmt":"2024-01-29T15:58:38","guid":{"rendered":"https:\/\/ossamondragon.com\/?page_id=45"},"modified":"2024-01-29T16:05:42","modified_gmt":"2024-01-29T16:05:42","slug":"francisco-j-ossa-mondragon","status":"publish","type":"page","link":"https:\/\/ossamondragon.com\/index.php\/francisco-j-ossa-mondragon\/","title":{"rendered":"FRANCISCO J. OSSA MONDRAG\u00d3N"},"content":{"rendered":"\n<div class=\"wp-block-columns is-layout-flex wp-container-core-columns-layout-1 wp-block-columns-is-layout-flex\">\n<div class=\"wp-block-column is-layout-flow wp-block-column-is-layout-flow\">\n<figure class=\"wp-block-image aligncenter size-full\"><img loading=\"lazy\" decoding=\"async\" width=\"960\" height=\"960\" src=\"https:\/\/ossamondragon.com\/wp-content\/uploads\/2024\/01\/Francisco-Javier-Ossa-Mondragon-.-Hoja-de-vida.jpg\" alt=\"\" class=\"wp-image-46\" srcset=\"https:\/\/ossamondragon.com\/wp-content\/uploads\/2024\/01\/Francisco-Javier-Ossa-Mondragon-.-Hoja-de-vida.jpg 960w, https:\/\/ossamondragon.com\/wp-content\/uploads\/2024\/01\/Francisco-Javier-Ossa-Mondragon-.-Hoja-de-vida-300x300.jpg 300w, https:\/\/ossamondragon.com\/wp-content\/uploads\/2024\/01\/Francisco-Javier-Ossa-Mondragon-.-Hoja-de-vida-150x150.jpg 150w, https:\/\/ossamondragon.com\/wp-content\/uploads\/2024\/01\/Francisco-Javier-Ossa-Mondragon-.-Hoja-de-vida-768x768.jpg 768w\" sizes=\"(max-width: 960px) 100vw, 960px\" \/><\/figure>\n<\/div>\n\n\n\n<div class=\"wp-block-column is-layout-flow wp-block-column-is-layout-flow\">\n<h2 class=\"wp-block-heading\">ESTUDIOS<\/h2>\n\n\n\n<p class=\"has-medium-font-size\">M\u00e9dico Cirujano<\/p>\n\n\n\n<ul>\n<li>\u2013 Universidad Tecnol\u00f3gica de Pereira<\/li>\n<\/ul>\n\n\n\n<p class=\"has-medium-font-size\">Aperfeicoamento em medicina e cirug\u00eda pl\u00e1stica e est\u00e9tica<\/p>\n\n\n\n<ul>\n<li>Centro Universitario de Ararasv \u2013 Brasil<\/li>\n<\/ul>\n\n\n\n<p class=\"has-medium-font-size\">Diplomado te\u00f3rico pr\u00e1ctico<\/p>\n\n\n\n<p class=\"has-medium-font-size\">Manejo del Paciente quemado<\/p>\n\n\n\n<ul>\n<li>Fundaci\u00f3n Universitaria JUAN N CORPAS<\/li>\n<\/ul>\n\n\n\n<p class=\"has-medium-font-size\">Diplomado de cirug\u00eda pl\u00e1stica est\u00e9tica de Nar\u00edz<\/p>\n\n\n\n<ul>\n<li>Sociedad Colombiana de Cirug\u00eda est\u00e9tica<\/li>\n<\/ul>\n\n\n\n<p class=\"has-medium-font-size\">V Congreso Brasileiro de Medicina e Cirug\u00eda Pl\u00e1stica Est\u00e9tica<\/p>\n\n\n\n<ul>\n<li>A Sociedade Brasileira de M\u00e9dicina e Cirug\u00eda Pl\u00e1stica Est\u00e9tica<\/li>\n<\/ul>\n\n\n\n<p class=\"has-medium-font-size\">Hernias Da Parede Abdominal<\/p>\n\n\n\n<ul>\n<li>Universidad Veiga de Almeida<\/li>\n<\/ul>\n\n\n\n<ul>\n<li>R\u00edo de Janeiro<\/li>\n<\/ul>\n\n\n\n<p class=\"has-medium-font-size\">Rejuvenecimiento Genital Femenino<\/p>\n\n\n\n<ul>\n<li>Sociedad Colombiana de Cirug\u00eda y Medicina<\/li>\n<\/ul>\n\n\n\n<p class=\"has-medium-font-size\">Cosm\u00e9tica \u2013 Antiaging<\/p>\n\n\n\n<p class=\"has-medium-font-size\">Cirug\u00eda Pl\u00e1stica Est\u00e9tica Adbominal<\/p>\n\n\n\n<ul>\n<li>Sociedad Colombiana de Cirug\u00eda y Medicina<\/li>\n<\/ul>\n\n\n\n<p class=\"has-medium-font-size\">Cirug\u00eda Est\u00e9tica de la mama<\/p>\n\n\n\n<ul>\n<li>Sociedad Colombiana de Cirug\u00eda y Medicina<\/li>\n<\/ul>\n\n\n\n<ul>\n<li>Programa de Educaci\u00f3n M\u00e9dica Continuada<\/li>\n<\/ul>\n<\/div>\n<\/div>\n","protected":false},"excerpt":{"rendered":"<p>ESTUDIOS M\u00e9dico Cirujano Aperfeicoamento em medicina e cirug\u00eda pl\u00e1stica e est\u00e9tica Diplomado te\u00f3rico pr\u00e1ctico Manejo del Paciente quemado Diplomado de [&hellip;]<\/p>\n","protected":false},"author":1,"featured_media":0,"parent":0,"menu_order":0,"comment_status":"closed","ping_status":"closed","template":"","meta":{"site-sidebar-layout":"default","site-content-layout":"","ast-site-content-layout":"","site-content-style":"default","site-sidebar-style":"default","ast-global-header-display":"","ast-banner-title-visibility":"","ast-main-header-display":"","ast-hfb-above-header-display":"","ast-hfb-below-header-display":"","ast-hfb-mobile-header-display":"","site-post-title":"","ast-breadcrumbs-content":"","ast-featured-img":"","footer-sml-layout":"","theme-transparent-header-meta":"","adv-header-id-meta":"","stick-header-meta":"","header-above-stick-meta":"","header-main-stick-meta":"","header-below-stick-meta":"","astra-migrate-meta-layouts":"default","ast-page-background-enabled":"default","ast-page-background-meta":{"desktop":{"background-color":"var(--ast-global-color-4)","background-image":"","background-repeat":"repeat","background-position":"center center","background-size":"auto","background-attachment":"scroll","background-type":"","background-media":"","overlay-type":"","overlay-color":"","overlay-gradient":""},"tablet":{"background-color":"","background-image":"","background-repeat":"repeat","background-position":"center center","background-size":"auto","background-attachment":"scroll","background-type":"","background-media":"","overlay-type":"","overlay-color":"","overlay-gradient":""},"mobile":{"background-color":"","background-image":"","background-repeat":"repeat","background-position":"center center","background-size":"auto","background-attachment":"scroll","background-type":"","background-media":"","overlay-type":"","overlay-color":"","overlay-gradient":""}},"ast-content-background-meta":{"desktop":{"background-color":"var(--ast-global-color-5)","background-image":"","background-repeat":"repeat","background-position":"center center","background-size":"auto","background-attachment":"scroll","background-type":"","background-media":"","overlay-type":"","overlay-color":"","overlay-gradient":""},"tablet":{"background-color":"var(--ast-global-color-5)","background-image":"","background-repeat":"repeat","background-position":"center center","background-size":"auto","background-attachment":"scroll","background-type":"","background-media":"","overlay-type":"","overlay-color":"","overlay-gradient":""},"mobile":{"background-color":"var(--ast-global-color-5)","background-image":"","background-repeat":"repeat","background-position":"center center","background-size":"auto","background-attachment":"scroll","background-type":"","background-media":"","overlay-type":"","overlay-color":"","overlay-gradient":""}},"footnotes":""},"aioseo_notices":[],"_links":{"self":[{"href":"https:\/\/ossamondragon.com\/index.php\/wp-json\/wp\/v2\/pages\/45"}],"collection":[{"href":"https:\/\/ossamondragon.com\/index.php\/wp-json\/wp\/v2\/pages"}],"about":[{"href":"https:\/\/ossamondragon.com\/index.php\/wp-json\/wp\/v2\/types\/page"}],"author":[{"embeddable":true,"href":"https:\/\/ossamondragon.com\/index.php\/wp-json\/wp\/v2\/users\/1"}],"replies":[{"embeddable":true,"href":"https:\/\/ossamondragon.com\/index.php\/wp-json\/wp\/v2\/comments?post=45"}],"version-history":[{"count":2,"href":"https:\/\/ossamondragon.com\/index.php\/wp-json\/wp\/v2\/pages\/45\/revisions"}],"predecessor-version":[{"id":50,"href":"https:\/\/ossamondragon.com\/index.php\/wp-json\/wp\/v2\/pages\/45\/revisions\/50"}],"wp:attachment":[{"href":"https:\/\/ossamondragon.com\/index.php\/wp-json\/wp\/v2\/media?parent=45"}],"curies":[{"name":"wp","href":"https:\/\/api.w.org\/{rel}","templated":true}]}}